{"id":2222,"date":"2021-09-01T14:11:28","date_gmt":"2021-09-01T14:11:28","guid":{"rendered":"https:\/\/revistaestrabismos.com\/?page_id=2222"},"modified":"2023-02-08T22:16:52","modified_gmt":"2023-02-08T22:16:52","slug":"editorial","status":"publish","type":"page","link":"https:\/\/revistaextrabismos.com\/index.php\/editorial\/","title":{"rendered":"Editorial"},"content":{"rendered":"\t\t<div data-elementor-type=\"wp-page\" data-elementor-id=\"2222\" class=\"elementor elementor-2222\">\n\t\t\t\t\t\t<section class=\"elementor-section elementor-top-section elementor-element elementor-element-17bfd3f elementor-section-boxed elementor-section-height-default elementor-section-height-default\" data-id=\"17bfd3f\" data-element_type=\"section\">\n\t\t\t\t\t\t<div class=\"elementor-container elementor-column-gap-default\">\n\t\t\t\t\t<div class=\"elementor-column elementor-col-100 elementor-top-column elementor-element elementor-element-aad1ed8\" data-id=\"aad1ed8\" data-element_type=\"column\">\n\t\t\t<div class=\"elementor-widget-wrap elementor-element-populated\">\n\t\t\t\t\t\t<div class=\"elementor-element elementor-element-f885cce elementor-widget elementor-widget-text-editor\" data-id=\"f885cce\" data-element_type=\"widget\" data-widget_type=\"text-editor.default\">\n\t\t\t\t<div class=\"elementor-widget-container\">\n\t\t\t\t\t\t\t\t\t<p><\/p>\n<p><b><i>Revista ExtrAbismos<\/i><\/b><span style=\"font-weight: 400;\"> se presenta como una plataforma de visibilizaci\u00f3n de las artes latinoamericanas contempor\u00e1neas, con el prop\u00f3sito de generar lecturas interdisciplinarias entre distintas expresiones escriturales, visuales, audiovisuales, perform\u00e1ticas, entre otras. Asimismo, pretende desarrollar una reflexi\u00f3n cr\u00edtica sobre diversas pr\u00e1cticas disruptivas&nbsp; del arte contempor\u00e1neo, as\u00ed como de los procesos de producci\u00f3n, circulaci\u00f3n y recepci\u00f3n de sus obras, observando nuevas identidades y sensibilidades que emergen desde aquellos objetos y experiencias est\u00e9ticas. <\/span><\/p>\n<p><\/p>\n<p><b><i>ExtrAbismos <\/i><\/b><span style=\"font-weight: 400;\">descompone su nombre en el prefijo <\/span><i><span style=\"font-weight: 400;\">extra<\/span><\/i><span style=\"font-weight: 400;\"> y en la palabra <\/span><i><span style=\"font-weight: 400;\">abismos<\/span><\/i><span style=\"font-weight: 400;\"> con el prop\u00f3sito de recoger aquello que est\u00e1 fuera o en los bordes de los que convencionalmente es considerado como arte y literatura, enfatizando en aquellas expresiones que se plantean desde lo interdisciplinario y lo multimedial. Por otra parte, entendemos los <\/span><i><span style=\"font-weight: 400;\">abismos<\/span><\/i><span style=\"font-weight: 400;\"> como el riesgo creativo que asumen dichas expresiones, as\u00ed como nuestro propio v\u00e9rtigo al aproximarnos a ellas.<\/span><\/p>\n<p><strong style=\"font-size: 1rem;\">&nbsp;<\/strong><\/p>\n<p><span style=\"font-weight: 400;\">En el nombre de nuestra revista resuena la <\/span><b>mirada extraviada,<\/b><span style=\"font-weight: 400;\"> que hace alusi\u00f3n al ojo que pierde el rumbo y multiplica los puntos de vista a partir de su encuentro con otras est\u00e9ticas.&nbsp;<\/span><\/p>\n<p><strong style=\"font-size: 1rem;\">&nbsp;<\/strong><\/p>\n<p><span style=\"font-weight: 400;\">Esta concepci\u00f3n de la mirada se materializa en los nombres de cada una de las secciones. De este modo, la secci\u00f3n <\/span><b>Entre\/vistas <\/b><span style=\"font-weight: 400;\">nos enfocamos en profundizar en la trayectoria de artistas y escritores. En&nbsp; <\/span><b>MIRADA OBLICUA&nbsp;<\/b><span style=\"font-weight: 400;\">pretendemos desarrollar una cr\u00edtica sobre diversas producciones literarias. Por otra parte, en <\/span><b>Ac\u00fasticas del ojo <\/b><span style=\"font-weight: 400;\">tematizamos propuestas con soportes audiovisuales, experimentales y multimediales, mientras que en <\/span><b>Ojo de pez <\/b><span style=\"font-weight: 400;\">nos interesa visibilizar fotograf\u00eda, pintura y escultura. Finalmente, en <\/span><b>Pan\u00f3pticos <\/b><span style=\"font-weight: 400;\">abrimos un espacio reflexivo que acoge&nbsp; distintos posicionamientos en la modalidad de ensayo.&nbsp;<\/span><\/p>\n<p><strong style=\"font-size: 1rem;\">&nbsp;<\/strong><\/p>\n<p><span style=\"font-weight: 400;\">Les invitamos a extraviarse con nuestra revista.&nbsp;<\/span><\/p>\n<p><\/p>\t\t\t\t\t\t\t\t<\/div>\n\t\t\t\t<\/div>\n\t\t\t\t\t<\/div>\n\t\t<\/div>\n\t\t\t\t\t<\/div>\n\t\t<\/section>\n\t\t\t\t<section class=\"elementor-section elementor-top-section elementor-element elementor-element-a2e5e19 elementor-section-boxed elementor-section-height-default elementor-section-height-default\" data-id=\"a2e5e19\" data-element_type=\"section\">\n\t\t\t\t\t\t<div class=\"elementor-container elementor-column-gap-default\">\n\t\t\t\t\t<div class=\"elementor-column elementor-col-100 elementor-top-column elementor-element elementor-element-5911fa3\" data-id=\"5911fa3\" data-element_type=\"column\">\n\t\t\t<div class=\"elementor-widget-wrap\">\n\t\t\t\t\t\t\t<\/div>\n\t\t<\/div>\n\t\t\t\t\t<\/div>\n\t\t<\/section>\n\t\t\t\t<section class=\"elementor-section elementor-top-section elementor-element elementor-element-888a746 elementor-section-boxed elementor-section-height-default elementor-section-height-default\" data-id=\"888a746\" data-element_type=\"section\">\n\t\t\t\t\t\t<div class=\"elementor-container elementor-column-gap-default\">\n\t\t\t\t\t<div class=\"elementor-column elementor-col-100 elementor-top-column elementor-element elementor-element-1505159\" data-id=\"1505159\" data-element_type=\"column\">\n\t\t\t<div class=\"elementor-widget-wrap\">\n\t\t\t\t\t\t\t<\/div>\n\t\t<\/div>\n\t\t\t\t\t<\/div>\n\t\t<\/section>\n\t\t\t\t<\/div>\n\t\t","protected":false},"excerpt":{"rendered":"<p>Revista ExtrAbismos se presenta como una plataforma de visibilizaci\u00f3n de las artes latinoamericanas contempor\u00e1neas, con<\/p>\n","protected":false},"author":7,"featured_media":1533,"parent":0,"menu_order":0,"comment_status":"closed","ping_status":"closed","template":"elementor_theme","meta":{"footnotes":""},"class_list":["post-2222","page","type-page","status-publish","has-post-thumbnail","hentry"],"_links":{"self":[{"href":"https:\/\/revistaextrabismos.com\/index.php\/wp-json\/wp\/v2\/pages\/2222","targetHints":{"allow":["GET"]}}],"collection":[{"href":"https:\/\/revistaextrabismos.com\/index.php\/wp-json\/wp\/v2\/pages"}],"about":[{"href":"https:\/\/revistaextrabismos.com\/index.php\/wp-json\/wp\/v2\/types\/page"}],"author":[{"embeddable":true,"href":"https:\/\/revistaextrabismos.com\/index.php\/wp-json\/wp\/v2\/users\/7"}],"replies":[{"embeddable":true,"href":"https:\/\/revistaextrabismos.com\/index.php\/wp-json\/wp\/v2\/comments?post=2222"}],"version-history":[{"count":19,"href":"https:\/\/revistaextrabismos.com\/index.php\/wp-json\/wp\/v2\/pages\/2222\/revisions"}],"predecessor-version":[{"id":3599,"href":"https:\/\/revistaextrabismos.com\/index.php\/wp-json\/wp\/v2\/pages\/2222\/revisions\/3599"}],"wp:featuredmedia":[{"embeddable":true,"href":"https:\/\/revistaextrabismos.com\/index.php\/wp-json\/wp\/v2\/media\/1533"}],"wp:attachment":[{"href":"https:\/\/revistaextrabismos.com\/index.php\/wp-json\/wp\/v2\/media?parent=2222"}],"curies":[{"name":"wp","href":"https:\/\/api.w.org\/{rel}","templated":true}]}}